{"id":127,"date":"2024-01-25T04:50:54","date_gmt":"2024-01-25T03:50:54","guid":{"rendered":"https:\/\/pharmacie-emmanuel.com\/?page_id=127"},"modified":"2024-01-28T01:23:42","modified_gmt":"2024-01-28T00:23:42","slug":"actualites","status":"publish","type":"page","link":"https:\/\/pharmacie-emmanuel.com\/index.php\/actualites\/","title":{"rendered":"Actualit\u00e9s"},"content":{"rendered":"\t\t<div data-elementor-type=\"wp-page\" data-elementor-id=\"127\" class=\"elementor elementor-127\">\n\t\t\t\t\t\t<section class=\"elementor-section elementor-top-section elementor-element elementor-element-25bae0d elementor-section-boxed elementor-section-height-default elementor-section-height-default\" data-id=\"25bae0d\" data-element_type=\"section\">\n\t\t\t\t\t\t<div class=\"elementor-container elementor-column-gap-default\">\n\t\t\t\t\t<div class=\"elementor-column elementor-col-100 elementor-top-column elementor-element elementor-element-601a12e\" data-id=\"601a12e\" data-element_type=\"column\">\n\t\t\t<div class=\"elementor-widget-wrap elementor-element-populated\">\n\t\t\t\t\t\t<div class=\"elementor-element elementor-element-0505788 elementor-widget elementor-widget-page-title\" data-id=\"0505788\" data-element_type=\"widget\" data-settings=\"{&quot;align&quot;:&quot;center&quot;}\" data-widget_type=\"page-title.default\">\n\t\t\t\t<div class=\"elementor-widget-container\">\n\t\t\t\t\t\t\t\n\t\t<div class=\"hfe-page-title hfe-page-title-wrapper elementor-widget-heading\">\n\n\t\t\t\t\t\t\t\t\t\t\t<a href=\"https:\/\/pharmacie-emmanuel.com\">\n\t\t\t\t\t\t<h2 class=\"elementor-heading-title elementor-size-default\">\n\t\t\t\t\t\t\t\t\n\t\t\t\tActualit\u00e9s  \n\t\t\t<\/h2 > \n\t\t\t\t\t\t\t\t\t<\/a>\n\t\t\t\t\t<\/div>\n\t\t\t\t\t\t<\/div>\n\t\t\t\t<\/div>\n\t\t\t\t\t<\/div>\n\t\t<\/div>\n\t\t\t\t\t<\/div>\n\t\t<\/section>\n\t\t\t\t<section class=\"elementor-section elementor-top-section elementor-element elementor-element-72089fe elementor-section-boxed elementor-section-height-default elementor-section-height-default\" data-id=\"72089fe\" data-element_type=\"section\">\n\t\t\t\t\t\t<div class=\"elementor-container elementor-column-gap-default\">\n\t\t\t\t\t<div class=\"elementor-column elementor-col-100 elementor-top-column elementor-element elementor-element-b89a8b7\" data-id=\"b89a8b7\" data-element_type=\"column\">\n\t\t\t<div class=\"elementor-widget-wrap elementor-element-populated\">\n\t\t\t\t\t\t<div class=\"elementor-element elementor-element-4be72c0 elementor-widget elementor-widget-upk-alice-grid\" data-id=\"4be72c0\" data-element_type=\"widget\" data-widget_type=\"upk-alice-grid.default\">\n\t\t\t\t<div class=\"elementor-widget-container\">\n\t\t\t\t\t\t\t<div class=\"upk-alice-grid\">\n\t\t\t<div class=\"upk-alice-wrap upk-content-bottom-center upk-style-3\">\n\t\t\t\t\t\t\t\t\t\t\t<div class=\"upk-item\">\n\t\t\t<div class=\"upk-item-box\">\n\t\t\t\t<div class=\"upk-img-wrap\">\n\t\t\t\t\t<img fetchpriority=\"high\" decoding=\"async\" width=\"524\" height=\"310\" src=\"https:\/\/pharmacie-emmanuel.com\/wp-content\/uploads\/2024\/01\/punaises-de-lit-conseil.png\" class=\"upk-img\" alt=\"Comment se d\u00e9barrasser des punaises de lit ?\" srcset=\"https:\/\/pharmacie-emmanuel.com\/wp-content\/uploads\/2024\/01\/punaises-de-lit-conseil.png 524w, https:\/\/pharmacie-emmanuel.com\/wp-content\/uploads\/2024\/01\/punaises-de-lit-conseil-300x177.png 300w\" sizes=\"(max-width: 524px) 100vw, 524px\" \/>\t\t\t\t<\/div>\n\t\t\t\t\t\t<div class=\"upk-category\">\n\t\t\t<a href=\"https:\/\/pharmacie-emmanuel.com\/index.php\/category\/conseils-sante\/\">Conseils Sant\u00e9<\/a> <a href=\"https:\/\/pharmacie-emmanuel.com\/index.php\/category\/conseils-sante\/prevention\/\">Pr\u00e9vention<\/a>\t\t<\/div>\n\t\t\t\t\t<div class=\"upk-content\">\n\t\t\t\t\t<h3 class=\"upk-title\"><a href=\"https:\/\/pharmacie-emmanuel.com\/index.php\/2024\/01\/25\/comment-se-debarrasser-des-punaises-de-lit\/\" title=\"Comment se d\u00e9barrasser des punaises de lit ?\" class=\"title-animation-underline\" >Comment se d\u00e9barrasser des punaises de lit ?<\/a><\/h3>\n\t\t\t\t\t\t\t\t\t\t<div class=\"upk-meta\">\n\t\t\t\t\t\t\n\t\t<div class=\"upk-author\">\n\t\t\t<span>by<\/span>\n\t\t\t<a href=\"https:\/\/pharmacie-emmanuel.com\/index.php\/author\/raoulgade\/\">\n\t\t\t\tRaoul GADE\t\t\t<\/a>\n\t\t<\/div>\n\n\t\t\t\t\t\t\t<div data-separator=\".\">\n\t\t\t\t\t\t\t\t<div class=\"upk-date\">\n\t\t\t25 janvier 2024\t\t<\/div>\n\n\t\t\t\t\t\t\t\t\t<\/div>\n\t\t\t\t\t\t\t\t\t\t\t<\/div>\n\t\t\t\t\t\n\t\t\t\t<\/div>\n\t\t\t<\/div>\n\t\t<\/div>\n\t\t\t\t\t\t\t\t\t\t\t\t<div class=\"upk-item\">\n\t\t\t<div class=\"upk-item-box\">\n\t\t\t\t<div class=\"upk-img-wrap\">\n\t\t\t\t\t<img decoding=\"async\" width=\"524\" height=\"310\" src=\"https:\/\/pharmacie-emmanuel.com\/wp-content\/uploads\/2024\/01\/immuno.png\" class=\"upk-img\" alt=\"Comment renforcer son syst\u00e8me immunitaire ?\" srcset=\"https:\/\/pharmacie-emmanuel.com\/wp-content\/uploads\/2024\/01\/immuno.png 524w, https:\/\/pharmacie-emmanuel.com\/wp-content\/uploads\/2024\/01\/immuno-300x177.png 300w\" sizes=\"(max-width: 524px) 100vw, 524px\" \/>\t\t\t\t<\/div>\n\t\t\t\t\t\t<div class=\"upk-category\">\n\t\t\t<a href=\"https:\/\/pharmacie-emmanuel.com\/index.php\/category\/conseils-sante\/\">Conseils Sant\u00e9<\/a> <a href=\"https:\/\/pharmacie-emmanuel.com\/index.php\/category\/conseils-sante\/prevention\/\">Pr\u00e9vention<\/a>\t\t<\/div>\n\t\t\t\t\t<div class=\"upk-content\">\n\t\t\t\t\t<h3 class=\"upk-title\"><a href=\"https:\/\/pharmacie-emmanuel.com\/index.php\/2024\/01\/25\/comment-renforcer-son-systeme-immunitaire\/\" title=\"Comment renforcer son syst\u00e8me immunitaire ?\" class=\"title-animation-underline\" >Comment renforcer son syst\u00e8me immunitaire ?<\/a><\/h3>\n\t\t\t\t\t\t\t\t\t\t<div class=\"upk-meta\">\n\t\t\t\t\t\t\n\t\t<div class=\"upk-author\">\n\t\t\t<span>by<\/span>\n\t\t\t<a href=\"https:\/\/pharmacie-emmanuel.com\/index.php\/author\/raoulgade\/\">\n\t\t\t\tRaoul GADE\t\t\t<\/a>\n\t\t<\/div>\n\n\t\t\t\t\t\t\t<div data-separator=\".\">\n\t\t\t\t\t\t\t\t<div class=\"upk-date\">\n\t\t\t25 janvier 2024\t\t<\/div>\n\n\t\t\t\t\t\t\t\t\t<\/div>\n\t\t\t\t\t\t\t\t\t\t\t<\/div>\n\t\t\t\t\t\n\t\t\t\t<\/div>\n\t\t\t<\/div>\n\t\t<\/div>\n\t\t\t\t\t\t\t\t\t\t\t\t<div class=\"upk-item\">\n\t\t\t<div class=\"upk-item-box\">\n\t\t\t\t<div class=\"upk-img-wrap\">\n\t\t\t\t\t<img decoding=\"async\" width=\"524\" height=\"310\" src=\"https:\/\/pharmacie-emmanuel.com\/wp-content\/uploads\/2024\/01\/papaille.png\" class=\"upk-img\" alt=\"Les bienfaits de la Papaye\" srcset=\"https:\/\/pharmacie-emmanuel.com\/wp-content\/uploads\/2024\/01\/papaille.png 524w, https:\/\/pharmacie-emmanuel.com\/wp-content\/uploads\/2024\/01\/papaille-300x177.png 300w\" sizes=\"(max-width: 524px) 100vw, 524px\" \/>\t\t\t\t<\/div>\n\t\t\t\t\t\t<div class=\"upk-category\">\n\t\t\t<a href=\"https:\/\/pharmacie-emmanuel.com\/index.php\/category\/conseils-sante\/bien-etre\/\">Bien-\u00eatre<\/a> <a href=\"https:\/\/pharmacie-emmanuel.com\/index.php\/category\/conseils-sante\/\">Conseils Sant\u00e9<\/a>\t\t<\/div>\n\t\t\t\t\t<div class=\"upk-content\">\n\t\t\t\t\t<h3 class=\"upk-title\"><a href=\"https:\/\/pharmacie-emmanuel.com\/index.php\/2024\/01\/25\/les-bienfaits-de-la-papaye\/\" title=\"Les bienfaits de la Papaye\" class=\"title-animation-underline\" >Les bienfaits de la Papaye<\/a><\/h3>\n\t\t\t\t\t\t\t\t\t\t<div class=\"upk-meta\">\n\t\t\t\t\t\t\n\t\t<div class=\"upk-author\">\n\t\t\t<span>by<\/span>\n\t\t\t<a href=\"https:\/\/pharmacie-emmanuel.com\/index.php\/author\/raoulgade\/\">\n\t\t\t\tRaoul GADE\t\t\t<\/a>\n\t\t<\/div>\n\n\t\t\t\t\t\t\t<div data-separator=\".\">\n\t\t\t\t\t\t\t\t<div class=\"upk-date\">\n\t\t\t25 janvier 2024\t\t<\/div>\n\n\t\t\t\t\t\t\t\t\t<\/div>\n\t\t\t\t\t\t\t\t\t\t\t<\/div>\n\t\t\t\t\t\n\t\t\t\t<\/div>\n\t\t\t<\/div>\n\t\t<\/div>\n\t\t\t\t\t\t\t\t<\/div>\n\t\t<\/div>\n\n\t\t\t\t\t\t<\/div>\n\t\t\t\t<\/div>\n\t\t\t\t<div class=\"elementor-element elementor-element-174ff1e elementor-widget elementor-widget-upk-alice-grid\" data-id=\"174ff1e\" data-element_type=\"widget\" data-widget_type=\"upk-alice-grid.default\">\n\t\t\t\t<div class=\"elementor-widget-container\">\n\t\t\t\t\t\t\t<div class=\"upk-alice-grid\">\n\t\t\t<div class=\"upk-alice-wrap upk-content-bottom-center upk-style-1\">\n\t\t\t\t\t\t\t\t\t\t\t<div class=\"upk-item\">\n\t\t\t<div class=\"upk-item-box\">\n\t\t\t\t<div class=\"upk-img-wrap\">\n\t\t\t\t\t<img fetchpriority=\"high\" decoding=\"async\" width=\"524\" height=\"310\" src=\"https:\/\/pharmacie-emmanuel.com\/wp-content\/uploads\/2024\/01\/punaises-de-lit-conseil.png\" class=\"upk-img\" alt=\"Comment se d\u00e9barrasser des punaises de lit ?\" srcset=\"https:\/\/pharmacie-emmanuel.com\/wp-content\/uploads\/2024\/01\/punaises-de-lit-conseil.png 524w, https:\/\/pharmacie-emmanuel.com\/wp-content\/uploads\/2024\/01\/punaises-de-lit-conseil-300x177.png 300w\" sizes=\"(max-width: 524px) 100vw, 524px\" \/>\t\t\t\t<\/div>\n\t\t\t\t\t\t<div class=\"upk-category\">\n\t\t\t<a href=\"https:\/\/pharmacie-emmanuel.com\/index.php\/category\/conseils-sante\/\">Conseils Sant\u00e9<\/a> <a href=\"https:\/\/pharmacie-emmanuel.com\/index.php\/category\/conseils-sante\/prevention\/\">Pr\u00e9vention<\/a>\t\t<\/div>\n\t\t\t\t\t<div class=\"upk-content\">\n\t\t\t\t\t<h3 class=\"upk-title\"><a href=\"https:\/\/pharmacie-emmanuel.com\/index.php\/2024\/01\/25\/comment-se-debarrasser-des-punaises-de-lit\/\" title=\"Comment se d\u00e9barrasser des punaises de lit ?\" class=\"title-animation-underline\" >Comment se d\u00e9barrasser des punaises de lit ?<\/a><\/h3>\n\t\t\t\t\t\t\t\t\t\t<div class=\"upk-meta\">\n\t\t\t\t\t\t\n\t\t<div class=\"upk-author\">\n\t\t\t<span>by<\/span>\n\t\t\t<a href=\"https:\/\/pharmacie-emmanuel.com\/index.php\/author\/raoulgade\/\">\n\t\t\t\tRaoul GADE\t\t\t<\/a>\n\t\t<\/div>\n\n\t\t\t\t\t\t\t<div data-separator=\".\">\n\t\t\t\t\t\t\t\t<div class=\"upk-date\">\n\t\t\t25 janvier 2024\t\t<\/div>\n\n\t\t\t\t\t\t\t\t\t<\/div>\n\t\t\t\t\t\t\t\t\t\t\t<\/div>\n\t\t\t\t\t\n\t\t\t\t<\/div>\n\t\t\t<\/div>\n\t\t<\/div>\n\t\t\t\t\t\t\t\t\t\t\t\t<div class=\"upk-item\">\n\t\t\t<div class=\"upk-item-box\">\n\t\t\t\t<div class=\"upk-img-wrap\">\n\t\t\t\t\t<img decoding=\"async\" width=\"524\" height=\"310\" src=\"https:\/\/pharmacie-emmanuel.com\/wp-content\/uploads\/2024\/01\/immuno.png\" class=\"upk-img\" alt=\"Comment renforcer son syst\u00e8me immunitaire ?\" srcset=\"https:\/\/pharmacie-emmanuel.com\/wp-content\/uploads\/2024\/01\/immuno.png 524w, https:\/\/pharmacie-emmanuel.com\/wp-content\/uploads\/2024\/01\/immuno-300x177.png 300w\" sizes=\"(max-width: 524px) 100vw, 524px\" \/>\t\t\t\t<\/div>\n\t\t\t\t\t\t<div class=\"upk-category\">\n\t\t\t<a href=\"https:\/\/pharmacie-emmanuel.com\/index.php\/category\/conseils-sante\/\">Conseils Sant\u00e9<\/a> <a href=\"https:\/\/pharmacie-emmanuel.com\/index.php\/category\/conseils-sante\/prevention\/\">Pr\u00e9vention<\/a>\t\t<\/div>\n\t\t\t\t\t<div class=\"upk-content\">\n\t\t\t\t\t<h3 class=\"upk-title\"><a href=\"https:\/\/pharmacie-emmanuel.com\/index.php\/2024\/01\/25\/comment-renforcer-son-systeme-immunitaire\/\" title=\"Comment renforcer son syst\u00e8me immunitaire ?\" class=\"title-animation-underline\" >Comment renforcer son syst\u00e8me immunitaire ?<\/a><\/h3>\n\t\t\t\t\t\t\t\t\t\t<div class=\"upk-meta\">\n\t\t\t\t\t\t\n\t\t<div class=\"upk-author\">\n\t\t\t<span>by<\/span>\n\t\t\t<a href=\"https:\/\/pharmacie-emmanuel.com\/index.php\/author\/raoulgade\/\">\n\t\t\t\tRaoul GADE\t\t\t<\/a>\n\t\t<\/div>\n\n\t\t\t\t\t\t\t<div data-separator=\".\">\n\t\t\t\t\t\t\t\t<div class=\"upk-date\">\n\t\t\t25 janvier 2024\t\t<\/div>\n\n\t\t\t\t\t\t\t\t\t<\/div>\n\t\t\t\t\t\t\t\t\t\t\t<\/div>\n\t\t\t\t\t\n\t\t\t\t<\/div>\n\t\t\t<\/div>\n\t\t<\/div>\n\t\t\t\t\t\t\t\t\t\t\t\t<div class=\"upk-item\">\n\t\t\t<div class=\"upk-item-box\">\n\t\t\t\t<div class=\"upk-img-wrap\">\n\t\t\t\t\t<img decoding=\"async\" width=\"524\" height=\"310\" src=\"https:\/\/pharmacie-emmanuel.com\/wp-content\/uploads\/2024\/01\/papaille.png\" class=\"upk-img\" alt=\"Les bienfaits de la Papaye\" srcset=\"https:\/\/pharmacie-emmanuel.com\/wp-content\/uploads\/2024\/01\/papaille.png 524w, https:\/\/pharmacie-emmanuel.com\/wp-content\/uploads\/2024\/01\/papaille-300x177.png 300w\" sizes=\"(max-width: 524px) 100vw, 524px\" \/>\t\t\t\t<\/div>\n\t\t\t\t\t\t<div class=\"upk-category\">\n\t\t\t<a href=\"https:\/\/pharmacie-emmanuel.com\/index.php\/category\/conseils-sante\/bien-etre\/\">Bien-\u00eatre<\/a> <a href=\"https:\/\/pharmacie-emmanuel.com\/index.php\/category\/conseils-sante\/\">Conseils Sant\u00e9<\/a>\t\t<\/div>\n\t\t\t\t\t<div class=\"upk-content\">\n\t\t\t\t\t<h3 class=\"upk-title\"><a href=\"https:\/\/pharmacie-emmanuel.com\/index.php\/2024\/01\/25\/les-bienfaits-de-la-papaye\/\" title=\"Les bienfaits de la Papaye\" class=\"title-animation-underline\" >Les bienfaits de la Papaye<\/a><\/h3>\n\t\t\t\t\t\t\t\t\t\t<div class=\"upk-meta\">\n\t\t\t\t\t\t\n\t\t<div class=\"upk-author\">\n\t\t\t<span>by<\/span>\n\t\t\t<a href=\"https:\/\/pharmacie-emmanuel.com\/index.php\/author\/raoulgade\/\">\n\t\t\t\tRaoul GADE\t\t\t<\/a>\n\t\t<\/div>\n\n\t\t\t\t\t\t\t<div data-separator=\".\">\n\t\t\t\t\t\t\t\t<div class=\"upk-date\">\n\t\t\t25 janvier 2024\t\t<\/div>\n\n\t\t\t\t\t\t\t\t\t<\/div>\n\t\t\t\t\t\t\t\t\t\t\t<\/div>\n\t\t\t\t\t\n\t\t\t\t<\/div>\n\t\t\t<\/div>\n\t\t<\/div>\n\t\t\t\t\t\t\t\t\t\t\t\t<div class=\"upk-item\">\n\t\t\t<div class=\"upk-item-box\">\n\t\t\t\t<div class=\"upk-img-wrap\">\n\t\t\t\t\t<img loading=\"lazy\" decoding=\"async\" width=\"524\" height=\"310\" src=\"https:\/\/pharmacie-emmanuel.com\/wp-content\/uploads\/2024\/01\/61696c5c358435.jpg.webp\" class=\"upk-img\" alt=\"Les bienfaits de l&rsquo;Ail\" srcset=\"https:\/\/pharmacie-emmanuel.com\/wp-content\/uploads\/2024\/01\/61696c5c358435.jpg.webp 524w, https:\/\/pharmacie-emmanuel.com\/wp-content\/uploads\/2024\/01\/61696c5c358435.jpg-300x177.webp 300w\" sizes=\"(max-width: 524px) 100vw, 524px\" \/>\t\t\t\t<\/div>\n\t\t\t\t\t\t<div class=\"upk-category\">\n\t\t\t<a href=\"https:\/\/pharmacie-emmanuel.com\/index.php\/category\/conseils-sante\/\">Conseils Sant\u00e9<\/a> <a href=\"https:\/\/pharmacie-emmanuel.com\/index.php\/category\/conseils-sante\/general\/\">G\u00e9n\u00e9ral<\/a>\t\t<\/div>\n\t\t\t\t\t<div class=\"upk-content\">\n\t\t\t\t\t<h3 class=\"upk-title\"><a href=\"https:\/\/pharmacie-emmanuel.com\/index.php\/2024\/01\/25\/les-bienfaits-de-lail\/\" title=\"Les bienfaits de l&rsquo;Ail\" class=\"title-animation-underline\" >Les bienfaits de l&rsquo;Ail<\/a><\/h3>\n\t\t\t\t\t\t\t\t\t\t<div class=\"upk-meta\">\n\t\t\t\t\t\t\n\t\t<div class=\"upk-author\">\n\t\t\t<span>by<\/span>\n\t\t\t<a href=\"https:\/\/pharmacie-emmanuel.com\/index.php\/author\/raoulgade\/\">\n\t\t\t\tRaoul GADE\t\t\t<\/a>\n\t\t<\/div>\n\n\t\t\t\t\t\t\t<div data-separator=\".\">\n\t\t\t\t\t\t\t\t<div class=\"upk-date\">\n\t\t\t25 janvier 2024\t\t<\/div>\n\n\t\t\t\t\t\t\t\t\t<\/div>\n\t\t\t\t\t\t\t\t\t\t\t<\/div>\n\t\t\t\t\t\n\t\t\t\t<\/div>\n\t\t\t<\/div>\n\t\t<\/div>\n\t\t\t\t\t\t\t\t<\/div>\n\t\t<\/div>\n\n\t\t\t\t\t\t<\/div>\n\t\t\t\t<\/div>\n\t\t\t\t\t<\/div>\n\t\t<\/div>\n\t\t\t\t\t<\/div>\n\t\t<\/section>\n\t\t\t\t<\/div>\n\t\t","protected":false},"excerpt":{"rendered":"<p>Actualit\u00e9s Conseils Sant\u00e9 Pr\u00e9vention Comment se d\u00e9barrasser des punaises de lit ? by Raoul GADE 25 janvier 2024 Conseils Sant\u00e9 Pr\u00e9vention Comment renforcer son syst\u00e8me immunitaire ? by Raoul GADE 25 janvier 2024 Bien-\u00eatre Conseils Sant\u00e9 Les bienfaits de la Papaye by Raoul GADE 25 janvier 2024 Conseils Sant\u00e9 Pr\u00e9vention Comment se d\u00e9barrasser des punaises [&hellip;]<\/p>\n","protected":false},"author":3,"featured_media":0,"parent":0,"menu_order":0,"comment_status":"closed","ping_status":"closed","template":"elementor_header_footer","meta":{"footnotes":""},"_links":{"self":[{"href":"https:\/\/pharmacie-emmanuel.com\/index.php\/wp-json\/wp\/v2\/pages\/127"}],"collection":[{"href":"https:\/\/pharmacie-emmanuel.com\/index.php\/wp-json\/wp\/v2\/pages"}],"about":[{"href":"https:\/\/pharmacie-emmanuel.com\/index.php\/wp-json\/wp\/v2\/types\/page"}],"author":[{"embeddable":true,"href":"https:\/\/pharmacie-emmanuel.com\/index.php\/wp-json\/wp\/v2\/users\/3"}],"replies":[{"embeddable":true,"href":"https:\/\/pharmacie-emmanuel.com\/index.php\/wp-json\/wp\/v2\/comments?post=127"}],"version-history":[{"count":13,"href":"https:\/\/pharmacie-emmanuel.com\/index.php\/wp-json\/wp\/v2\/pages\/127\/revisions"}],"predecessor-version":[{"id":517,"href":"https:\/\/pharmacie-emmanuel.com\/index.php\/wp-json\/wp\/v2\/pages\/127\/revisions\/517"}],"wp:attachment":[{"href":"https:\/\/pharmacie-emmanuel.com\/index.php\/wp-json\/wp\/v2\/media?parent=127"}],"curies":[{"name":"wp","href":"https:\/\/api.w.org\/{rel}","templated":true}]}}